{"id":173,"date":"2020-03-04T15:40:29","date_gmt":"2020-03-04T14:40:29","guid":{"rendered":"https:\/\/www.guided-project.eu\/?page_id=173"},"modified":"2022-12-28T13:08:03","modified_gmt":"2022-12-28T12:08:03","slug":"consortium","status":"publish","type":"page","link":"https:\/\/guided-project.eu\/de\/consortium\/","title":{"rendered":"Konsortium"},"content":{"rendered":"<p><\/p>\r\n<p>Das GUIDed-Konsortium hat sieben Teilnehmer aus vier europ\u00e4ischen L\u00e4ndern. Nachfolgend finden Sie eine \u00dcbersicht \u00fcber das Konsortium. F\u00fcr detaillierte Teilnehmerbeschreibungen folgen Sie bitte den l\u00e4nderspezifischen Links.<\/p>\r\n<p><\/p>\r\n<p><\/p>\r\n<figure class=\"wp-block-table\">\r\n<table>\r\n<thead>\r\n<tr>\r\n<th>\u00a0<\/th>\r\n<th>Participant<\/th>\r\n<th>Short name<\/th>\r\n<th>Country<\/th>\r\n<th>Role in GUIDed<\/th>\r\n<\/tr>\r\n<\/thead>\r\n<tbody>\r\n<tr>\r\n<td><img loading=\"lazy\" decoding=\"async\" width=\"274\" height=\"82\" class=\"wp-image-138\" src=\"https:\/\/www.guided-project.eu\/wp-content\/uploads\/2020\/03\/Materia_Logo_Web1.png\" alt=\"Logo of the Materia Group\" \/><\/td>\r\n<td>Agecare Ltd &#8211; Materia Group (coordinator)<\/td>\r\n<td>Materia<\/td>\r\n<td><a href=\"https:\/\/www.guided-project.eu\/cyprus\/\">Cyprus<\/a><\/td>\r\n<td>User<\/td>\r\n<\/tr>\r\n<tr>\r\n<td><img loading=\"lazy\" decoding=\"async\" width=\"100\" height=\"39\" class=\"wp-image-142\" style=\"width: 100px;\" src=\"https:\/\/www.guided-project.eu\/wp-content\/uploads\/2020\/03\/ki-i_logo.png\" alt=\"Logo of KI-I\" srcset=\"https:\/\/guided-project.eu\/wp-content\/uploads\/2020\/03\/ki-i_logo.png 350w, https:\/\/guided-project.eu\/wp-content\/uploads\/2020\/03\/ki-i_logo-300x117.png 300w\" sizes=\"auto, (max-width: 100px) 85vw, 100px\" \/><\/td>\r\n<td>Kompetenz-netzwerk Informations-technologie zur F\u00f6rderung der Integration von Menschen mit Behinderungen<\/td>\r\n<td>KI-I<\/td>\r\n<td><a href=\"https:\/\/www.guided-project.eu\/austria\/\">Austria<\/a><\/td>\r\n<td>Research<\/td>\r\n<\/tr>\r\n<tr>\r\n<td><img loading=\"lazy\" decoding=\"async\" width=\"560\" height=\"63\" class=\"wp-image-136\" src=\"https:\/\/www.guided-project.eu\/wp-content\/uploads\/2020\/03\/Logo-Platus.png\" alt=\"Logo of Platus\" srcset=\"https:\/\/guided-project.eu\/wp-content\/uploads\/2020\/03\/Logo-Platus.png 560w, https:\/\/guided-project.eu\/wp-content\/uploads\/2020\/03\/Logo-Platus-300x34.png 300w\" sizes=\"auto, (max-width: 560px) 85vw, 560px\" \/><\/td>\r\n<td>Platus Learning Systems GmbH<\/td>\r\n<td>Platus<\/td>\r\n<td><a href=\"https:\/\/www.guided-project.eu\/austria\/\">Austria<\/a><\/td>\r\n<td>Business<\/td>\r\n<\/tr>\r\n<tr>\r\n<td><img loading=\"lazy\" decoding=\"async\" width=\"1089\" height=\"430\" class=\"wp-image-141\" src=\"https:\/\/www.guided-project.eu\/wp-content\/uploads\/2020\/03\/harpo-logo-horizontal.png\" alt=\"Harpo's logo\" srcset=\"https:\/\/guided-project.eu\/wp-content\/uploads\/2020\/03\/harpo-logo-horizontal.png 1089w, https:\/\/guided-project.eu\/wp-content\/uploads\/2020\/03\/harpo-logo-horizontal-300x118.png 300w, https:\/\/guided-project.eu\/wp-content\/uploads\/2020\/03\/harpo-logo-horizontal-1024x404.png 1024w, https:\/\/guided-project.eu\/wp-content\/uploads\/2020\/03\/harpo-logo-horizontal-768x303.png 768w\" sizes=\"auto, (max-width: 709px) 85vw, (max-width: 909px) 67vw, (max-width: 1362px) 62vw, 840px\" \/><\/td>\r\n<td>Harpo Sp. z o. o.<\/td>\r\n<td>Harpo<\/td>\r\n<td><a href=\"https:\/\/www.guided-project.eu\/poland\/\">Poland<\/a><\/td>\r\n<td>Business<\/td>\r\n<\/tr>\r\n<tr>\r\n<td><img loading=\"lazy\" decoding=\"async\" width=\"324\" height=\"90\" class=\"wp-image-135\" src=\"https:\/\/www.guided-project.eu\/wp-content\/uploads\/2020\/03\/logo_en_univ-C.png\" alt=\"Logo of the University of Cyprus\" srcset=\"https:\/\/guided-project.eu\/wp-content\/uploads\/2020\/03\/logo_en_univ-C.png 324w, https:\/\/guided-project.eu\/wp-content\/uploads\/2020\/03\/logo_en_univ-C-300x83.png 300w\" sizes=\"auto, (max-width: 324px) 85vw, 324px\" \/><\/td>\r\n<td>University of Cyprus<\/td>\r\n<td>UCY<\/td>\r\n<td><a href=\"https:\/\/www.guided-project.eu\/cyprus\/\">Cyprus<\/a><\/td>\r\n<td>Research<\/td>\r\n<\/tr>\r\n<tr>\r\n<td><img loading=\"lazy\" decoding=\"async\" width=\"15767\" height=\"4299\" class=\"wp-image-140\" src=\"https:\/\/www.guided-project.eu\/wp-content\/uploads\/2020\/03\/Karde-Logo-2013-En.png\" alt=\"Karde's logo\" \/><\/td>\r\n<td>Karde AS<\/td>\r\n<td>Karde<\/td>\r\n<td><a href=\"https:\/\/www.guided-project.eu\/norway\/\">Norway<\/a><\/td>\r\n<td>Business<br \/>User<\/td>\r\n<\/tr>\r\n<tr>\r\n<td><img decoding=\"async\" style=\"width: 200px;\" src=\"https:\/\/www.guided-project.eu\/wp-content\/uploads\/2020\/09\/FRC_logo-1024x555.png\" alt=\"\" \/><\/td>\r\n<td>Frederick Research Center<\/td>\r\n<td>FRC<\/td>\r\n<td><a href=\"https:\/\/www.guided-project.eu\/cyprus\/\">Cyprus<\/a><\/td>\r\n<td>Research<\/td>\r\n<\/tr>\r\n<\/tbody>\r\n<\/table>\r\n<\/figure>\r\n<p><\/p>\r\n<p><\/p>\r\n<p><\/p>","protected":false},"excerpt":{"rendered":"<p>Das GUIDed-Konsortium hat sieben Teilnehmer aus vier europ\u00e4ischen L\u00e4ndern. Nachfolgend finden Sie eine \u00dcbersicht \u00fcber das Konsortium. F\u00fcr detaillierte Teilnehmerbeschreibungen folgen Sie bitte den l\u00e4nderspezifischen Links. \u00a0 Participant Short name Country Role in GUIDed Agecare Ltd &#8211; Materia Group (coordinator) Materia Cyprus User Kompetenz-netzwerk Informations-technologie zur F\u00f6rderung der Integration von Menschen mit Behinderungen KI-I Austria &hellip; <a href=\"https:\/\/guided-project.eu\/de\/consortium\/\" class=\"more-link\">Continue reading<span class=\"screen-reader-text\"> &#8220;Konsortium&#8221;<\/span><\/a><\/p>\n","protected":false},"author":2,"featured_media":0,"parent":0,"menu_order":0,"comment_status":"closed","ping_status":"closed","template":"","meta":{"footnotes":""},"class_list":["post-173","page","type-page","status-publish","hentry"],"translation":{"provider":"WPGlobus","version":"3.0.2","language":"de","enabled_languages":["gb","de","no","pl","el"],"languages":{"gb":{"title":true,"content":true,"excerpt":false},"de":{"title":true,"content":true,"excerpt":false},"no":{"title":false,"content":false,"excerpt":false},"pl":{"title":false,"content":false,"excerpt":false},"el":{"title":false,"content":false,"excerpt":false}}},"_links":{"self":[{"href":"https:\/\/guided-project.eu\/de\/wp-json\/wp\/v2\/pages\/173","targetHints":{"allow":["GET"]}}],"collection":[{"href":"https:\/\/guided-project.eu\/de\/wp-json\/wp\/v2\/pages"}],"about":[{"href":"https:\/\/guided-project.eu\/de\/wp-json\/wp\/v2\/types\/page"}],"author":[{"embeddable":true,"href":"https:\/\/guided-project.eu\/de\/wp-json\/wp\/v2\/users\/2"}],"replies":[{"embeddable":true,"href":"https:\/\/guided-project.eu\/de\/wp-json\/wp\/v2\/comments?post=173"}],"version-history":[{"count":0,"href":"https:\/\/guided-project.eu\/de\/wp-json\/wp\/v2\/pages\/173\/revisions"}],"wp:attachment":[{"href":"https:\/\/guided-project.eu\/de\/wp-json\/wp\/v2\/media?parent=173"}],"curies":[{"name":"wp","href":"https:\/\/api.w.org\/{rel}","templated":true}]}}