{"id":20,"date":"2020-02-27T20:50:28","date_gmt":"2020-02-27T19:50:28","guid":{"rendered":"https:\/\/www.guided-project.eu\/?page_id=20"},"modified":"2022-12-28T13:07:19","modified_gmt":"2022-12-28T12:07:19","slug":"work-packages","status":"publish","type":"page","link":"https:\/\/guided-project.eu\/de\/work-packages\/","title":{"rendered":"Arbeitspakete"},"content":{"rendered":"<p><\/p>\r\n<p>Das GUIDed-Projekt besteht aus f\u00fcnf Arbeitspaketen. Diese sind:<\/p>\r\n<p><\/p>\r\n<p><\/p>\r\n<p>WP1 Projektmanagement und wissenschaftliche Koordination<br \/>Dieses Arbeitspaket konzentriert sich auf die Projektkoordination, um alle strategischen Ziele des Projekts zu erreichen. Seine Aktivit\u00e4ten gew\u00e4hrleisten das Management und die Koordination der Forschungs- und Entwicklungsarbeit, die Definition des Qualit\u00e4tskontroll- und -sicherungsplans, die Berichterstattung \u00fcber den Projektfortschritt sowie das Management aller finanziellen und administrativen Aufgaben des Projekts.<\/p>\r\n<p><\/p>\r\n<p><\/p>\r\n<p>WP2 Endbenutzerbeteiligung und experimentelle Auswertung<br \/>Dieses Arbeitspaket definiert den Prozess und die Verfahren f\u00fcr die Einstellung und kontinuierliche Einbeziehung \u00e4lterer Erwachsener sowie sekund\u00e4rer und terti\u00e4rer Beg\u00fcnstigter in die Projektaktivit\u00e4ten, insbesondere die Bewertung. Dazu geh\u00f6rt auch die Einrichtung eines Ethikausschusses des Konsortiums, um die Einhaltung der nationalen und europ\u00e4ischen Regeln und Vorschriften zu \u00fcberwachen.<\/p>\r\n<p><\/p>\r\n<p><\/p>\r\n<p>WP3 Smart Kit Montage und Plattformentwicklung<br \/>In diesem Arbeitspaket geht es um die Entwicklung, Integration und Optimierung der GUIDed-Plattform, einschlie\u00dflich der Montage der Hardwareger\u00e4te zur Erstellung des Smart Kits selbst, der Anpassung vorhandener Dienste und der Entwicklung zus\u00e4tzlicher Dienste, die die Middleware bilden, sowie der Integration der Softwareplattform, um diese Dienste sicherzustellen sind vollst\u00e4ndig bereitstellbar und betriebsbereit auf dem Ger\u00e4t des Endbenutzers und schlie\u00dflich Plattformoptimierung.<\/p>\r\n<p><\/p>\r\n<p><\/p>\r\n<p>WP4-Szenarien und Demonstranten<br \/>In diesem Arbeitspaket werden die Szenarien basierend auf den Bed\u00fcrfnissen und W\u00fcnschen der Endbenutzer definiert. Dar\u00fcber hinaus wird die Plattform eingerichtet, getestet, ob die Dienste voll funktionsf\u00e4hig sind, Probleme behoben, die w\u00e4hrend der Tests im Heimsand \u00e4lterer Erwachsener auftreten, und schlie\u00dflich die Endbenutzer darin geschult und geschult, wie sie die Dienste f\u00fcr ihr Wohlbefinden \u00fcbernehmen und nutzen k\u00f6nnen .<\/p>\r\n<p><\/p>\r\n<p><\/p>\r\n<p>WP5 Verbreitung, \u00d6ffentlichkeitsarbeit und Vermarktungsplan<br \/>Dieses Arbeitspaket implementiert die Verbreitungs- und Kontaktpl\u00e4ne des Projekts. Es definiert Kommunikationskan\u00e4le f\u00fcr die Verbreitung der Projektergebnisse auf lokaler und internationaler Ebene sowie einen Kommerzialisierungs- und Nachhaltigkeitsplan f\u00fcr das GUIDed-Produkt, einschlie\u00dflich der Bewertung und Analyse der Dynamik f\u00fcr seine kommerzielle Nutzung.<\/p>\r\n<p><\/p>","protected":false},"excerpt":{"rendered":"<p>Das GUIDed-Projekt besteht aus f\u00fcnf Arbeitspaketen. Diese sind: WP1 Projektmanagement und wissenschaftliche KoordinationDieses Arbeitspaket konzentriert sich auf die Projektkoordination, um alle strategischen Ziele des Projekts zu erreichen. Seine Aktivit\u00e4ten gew\u00e4hrleisten das Management und die Koordination der Forschungs- und Entwicklungsarbeit, die Definition des Qualit\u00e4tskontroll- und -sicherungsplans, die Berichterstattung \u00fcber den Projektfortschritt sowie das Management aller finanziellen &hellip; <a href=\"https:\/\/guided-project.eu\/de\/work-packages\/\" class=\"more-link\">Continue reading<span class=\"screen-reader-text\"> &#8220;Arbeitspakete&#8221;<\/span><\/a><\/p>\n","protected":false},"author":2,"featured_media":0,"parent":0,"menu_order":0,"comment_status":"closed","ping_status":"closed","template":"","meta":{"footnotes":""},"class_list":["post-20","page","type-page","status-publish","hentry"],"translation":{"provider":"WPGlobus","version":"3.0.2","language":"de","enabled_languages":["gb","de","no","pl","el"],"languages":{"gb":{"title":true,"content":true,"excerpt":false},"de":{"title":true,"content":true,"excerpt":false},"no":{"title":false,"content":false,"excerpt":false},"pl":{"title":false,"content":false,"excerpt":false},"el":{"title":false,"content":false,"excerpt":false}}},"_links":{"self":[{"href":"https:\/\/guided-project.eu\/de\/wp-json\/wp\/v2\/pages\/20","targetHints":{"allow":["GET"]}}],"collection":[{"href":"https:\/\/guided-project.eu\/de\/wp-json\/wp\/v2\/pages"}],"about":[{"href":"https:\/\/guided-project.eu\/de\/wp-json\/wp\/v2\/types\/page"}],"author":[{"embeddable":true,"href":"https:\/\/guided-project.eu\/de\/wp-json\/wp\/v2\/users\/2"}],"replies":[{"embeddable":true,"href":"https:\/\/guided-project.eu\/de\/wp-json\/wp\/v2\/comments?post=20"}],"version-history":[{"count":0,"href":"https:\/\/guided-project.eu\/de\/wp-json\/wp\/v2\/pages\/20\/revisions"}],"wp:attachment":[{"href":"https:\/\/guided-project.eu\/de\/wp-json\/wp\/v2\/media?parent=20"}],"curies":[{"name":"wp","href":"https:\/\/api.w.org\/{rel}","templated":true}]}}