{"id":288,"date":"2020-09-29T10:23:26","date_gmt":"2020-09-29T09:23:26","guid":{"rendered":"https:\/\/www.guided-project.eu\/?page_id=288"},"modified":"2022-12-28T13:33:56","modified_gmt":"2022-12-28T12:33:56","slug":"personas-and-scenarios","status":"publish","type":"page","link":"https:\/\/guided-project.eu\/de\/personas-and-scenarios\/","title":{"rendered":"Personen und Szenarien"},"content":{"rendered":"<p>In diesem Abschnitt pr\u00e4sentieren wir Beispiele f\u00fcr Personen und Szenarien, die im GUIDed-Projekt erstellt wurden. Ziel ist es, das Projektteam \u00fcber die Entwicklung der GUIDed-<a href=\"https:\/\/www.guided-project.eu\/service-categories\/\" data-type=\"page\" data-id=\"55\">Services<\/a>. zu informieren und zu inspirieren.<\/p>\r\n<p><!-- \/wp:post-content --><\/p>\r\n<p><!-- wp:paragraph --><\/p>\r\n<p>Personen sind fiktive Charaktere, die normalerweise erstellt werden, um die verschiedenen Endbenutzer darzustellen, die potenzielle Benutzer oder Kunden eines Dienstes, Produkts oder \u00e4hnliches sein k\u00f6nnen. Personen sind hypothetisch, nicht real, aber sie repr\u00e4sentieren die Anforderungen, Bed\u00fcrfnisse, W\u00fcnsche und Bestrebungen realer Menschen oder einer Gruppe. Personen k\u00f6nnen die Designer und Entwickler eines Dienstes wie GUIDed informieren und inspirieren. Unsere Personen helfen dem GUIDed-Team dabei, eine gute Benutzererfahrung f\u00fcr unsere <a href=\"https:\/\/www.guided-project.eu\/primary-users\/\" data-type=\"page\" data-id=\"60\">prim\u00e4ren<\/a>, <a href=\"https:\/\/www.guided-project.eu\/secondary-users\/\" data-type=\"page\" data-id=\"61\">sekund\u00e4ren und terti\u00e4ren<\/a> Endbenutzer zu schaffen.<\/p>\r\n<p><!-- \/wp:paragraph --><\/p>\r\n<p><!-- wp:paragraph --><\/p>\r\n<p>Szenarien sind verbale Beschreibungen eines Ph\u00e4nomens, einer Abfolge von Ereignissen oder einer Situation. Szenarien basieren normalerweise auf bestimmten Annahmen und Abweichungen. In den GUIDed-Szenarien pr\u00e4sentieren wir unsere Personen \u201ein Aktion\u201c, um zus\u00e4tzliche Informationen zu den geplanten GUIDed-Diensten und deren Verwendung bereitzustellen.<\/p>\r\n<p><!-- \/wp:paragraph --><\/p>\r\n<p><!-- wp:paragraph --><\/p>\r\n<p>Nachfolgend finden Sie Beispiele f\u00fcr die GUIDed-Personen und -Szenarien aus jedem Teilnehmerland.<\/p>\r\n<p><!-- \/wp:paragraph --><\/p>\r\n<p><!-- wp:heading --><\/p>\r\n<h2>\u00d6sterreich<\/h2>\r\n<ul>\r\n<li>Person: <a href=\"https:\/\/www.guided-project.eu\/wp-content\/uploads\/2020\/10\/Persona3-Hildegard.pdf\" target=\"_blank\" rel=\"noopener noreferrer\">Prim\u00e4rer Endbenutzer Hilde<\/a><\/li>\r\n<li>Person: <a href=\"https:\/\/www.guided-project.eu\/wp-content\/uploads\/2020\/10\/Persona2-Rudolf.pdf\" target=\"_blank\" rel=\"noopener noreferrer\">Prim\u00e4rer Endbenutzer Rudolf<\/a><\/li>\r\n<\/ul>\r\n<h2>Zypern<\/h2>\r\n<ul>\r\n<li><a href=\"https:\/\/www.guided-project.eu\/wp-content\/uploads\/2020\/10\/Persona1_primary_Cyprus_Maria.pdf\" target=\"_blank\" rel=\"noopener noreferrer\">Person: Prim\u00e4rer Endbenutzer Maria<\/a><\/li>\r\n<li><a href=\"https:\/\/www.guided-project.eu\/wp-content\/uploads\/2020\/10\/Scenario_1_Cyprus.pdf\" target=\"_blank\" rel=\"noopener noreferrer\">Szenario: Anna, alleine lebend<\/a><\/li>\r\n<\/ul>\r\n<p><!-- \/wp:heading --><\/p>\r\n<p><!-- wp:html --><\/p>\r\n<h2>Norwegen<\/h2>\r\n<ul>\r\n<li>Person: <a href=\"https:\/\/www.guided-project.eu\/wp-content\/uploads\/2020\/10\/Persona4_tertiary_Norway.pdf\" target=\"_blank\" rel=\"noopener noreferrer\">Terti\u00e4rer Endbenutzer Carl<\/a><\/li>\r\n<li>Szenario: <a href=\"https:\/\/www.guided-project.eu\/wp-content\/uploads\/2020\/10\/Scenario-3-Norway.pdf\" target=\"_blank\" rel=\"noopener noreferrer\">Carl bei der Arbeit in der Gemeinde Drammen<\/a><\/li>\r\n<\/ul>\r\n<p><!-- \/wp:html --><\/p>\r\n<p><!-- wp:html --><\/p>\r\n<h2>Polen<\/h2>\r\n<ul>\r\n<li>Person: <a href=\"https:\/\/www.guided-project.eu\/wp-content\/uploads\/2020\/10\/Persona-5-Poland-Tertiary-user-1.pdf\" target=\"_blank\" rel=\"noopener noreferrer\">Terti\u00e4rer Endbenutzer Alicja<\/a><\/li>\r\n<li>Szenario: <a href=\"https:\/\/www.guided-project.eu\/wp-content\/uploads\/2020\/10\/Senario-3-Poland-Tertiary.pdf\" target=\"_blank\" rel=\"noopener noreferrer\">Alicja arbeitet in einem Pflegeheim in Konin<\/a><\/li>\r\n<\/ul>\r\n<p><!-- \/wp:html --><\/p>\r\n<p><!-- wp:paragraph --><\/p>\r\n<p><!-- \/wp:paragraph --><\/p>","protected":false},"excerpt":{"rendered":"<p>In diesem Abschnitt pr\u00e4sentieren wir Beispiele f\u00fcr Personen und Szenarien, die im GUIDed-Projekt erstellt wurden. Ziel ist es, das Projektteam \u00fcber die Entwicklung der GUIDed-Services. zu informieren und zu inspirieren. Personen sind fiktive Charaktere, die normalerweise erstellt werden, um die verschiedenen Endbenutzer darzustellen, die potenzielle Benutzer oder Kunden eines Dienstes, Produkts oder \u00e4hnliches sein k\u00f6nnen. &hellip; <a href=\"https:\/\/guided-project.eu\/de\/personas-and-scenarios\/\" class=\"more-link\">Continue reading<span class=\"screen-reader-text\"> &#8220;Personen und Szenarien&#8221;<\/span><\/a><\/p>\n","protected":false},"author":2,"featured_media":0,"parent":0,"menu_order":0,"comment_status":"closed","ping_status":"closed","template":"","meta":{"footnotes":""},"class_list":["post-288","page","type-page","status-publish","hentry"],"translation":{"provider":"WPGlobus","version":"3.0.2","language":"de","enabled_languages":["gb","de","no","pl","el"],"languages":{"gb":{"title":true,"content":true,"excerpt":false},"de":{"title":true,"content":true,"excerpt":false},"no":{"title":false,"content":false,"excerpt":false},"pl":{"title":false,"content":false,"excerpt":false},"el":{"title":false,"content":false,"excerpt":false}}},"_links":{"self":[{"href":"https:\/\/guided-project.eu\/de\/wp-json\/wp\/v2\/pages\/288","targetHints":{"allow":["GET"]}}],"collection":[{"href":"https:\/\/guided-project.eu\/de\/wp-json\/wp\/v2\/pages"}],"about":[{"href":"https:\/\/guided-project.eu\/de\/wp-json\/wp\/v2\/types\/page"}],"author":[{"embeddable":true,"href":"https:\/\/guided-project.eu\/de\/wp-json\/wp\/v2\/users\/2"}],"replies":[{"embeddable":true,"href":"https:\/\/guided-project.eu\/de\/wp-json\/wp\/v2\/comments?post=288"}],"version-history":[{"count":0,"href":"https:\/\/guided-project.eu\/de\/wp-json\/wp\/v2\/pages\/288\/revisions"}],"wp:attachment":[{"href":"https:\/\/guided-project.eu\/de\/wp-json\/wp\/v2\/media?parent=288"}],"curies":[{"name":"wp","href":"https:\/\/api.w.org\/{rel}","templated":true}]}}