{"id":29,"date":"2020-02-27T20:59:50","date_gmt":"2020-02-27T19:59:50","guid":{"rendered":"https:\/\/www.guided-project.eu\/?page_id=29"},"modified":"2021-02-05T01:42:24","modified_gmt":"2021-02-05T00:42:24","slug":"norway","status":"publish","type":"page","link":"https:\/\/guided-project.eu\/de\/norway\/","title":{"rendered":"Norwegen"},"content":{"rendered":"<p><\/p>\r\n<h2>Karde AS<\/h2>\r\n<p><\/p>\r\n<p><\/p>\r\n<p>Karde entwickelt IKT-Dienstleistungen und -Produkte und arbeitet an Themen, die die Unabh\u00e4ngigkeit und das Wohlbefinden \u00e4lterer Menschen und Menschen mit Demenz und geistiger Behinderung unterst\u00fctzen. F\u00fcr Menschen mit Demenz hat Karde im Rahmen einer Reihe von Innovationsprojekten einen Assistenten f\u00fcr das Lebensmanagement entwickelt, <a href=\"https:\/\/www.mylifeproducts.no\/\" target=\"_blank\" rel=\"noreferrer noopener\" aria-label=\"Memas (opens in a new tab)\">Memas<\/a> genannt. Memas basieren auf der Arbeit im Mylife-Projekt, das Teil der AAL <a href=\"http:\/\/www.aal-europe.eu\/success-stories\/\" target=\"_blank\" rel=\"noreferrer noopener\" aria-label=\"Success Stories (opens in a new tab)\">Erfolgsgeschichten<\/a> ist.\u00a0Memas helfen bei der Zeitorientierung und stimulieren die kognitiven Restf\u00e4higkeiten.<\/p>\r\n<p><\/p>\r\n<p><\/p>\r\n<p>F\u00fcr Menschen mit geistiger Behinderung hat Karde eng mit der Zielgruppe an einer Reihe von E-Learning-Anwendungen f\u00fcr viele der Herausforderungen des t\u00e4glichen Lebens wie Hygiene, gesunde Ern\u00e4hrung, Aktivit\u00e4t, Nutzung digitaler Dienste usw. gearbeitet.<\/p>\r\n<p><\/p>\r\n<p><\/p>\r\n<p>Karde ist ein Innovationsunternehmen und beteiligt sich, ist Projektinhaber und Projektmanager an mehreren nationalen und internationalen Projekten.<\/p>\r\n<p><\/p>\r\n<p><\/p>\r\n<p>Weitere Informationen zu Karde finden Sie unter <a href=\"https:\/\/www.karde.no\/\" target=\"_blank\" rel=\"noreferrer noopener\" aria-label=\"karde.no (opens in a new tab)\">karde.no<\/a>.<\/p>\r\n<p><\/p>\r\n<p><\/p>\r\n<h3>Ansprechpartner<\/h3>\r\n<p><\/p>\r\n<p><\/p>\r\n<p>Name: Terje Grimstad<br \/>E-mail: terje.grimstad@karde.no<br \/>Phone: +47-908 44 023<\/p>\r\n<p><\/p>","protected":false},"excerpt":{"rendered":"<p>Karde AS Karde entwickelt IKT-Dienstleistungen und -Produkte und arbeitet an Themen, die die Unabh\u00e4ngigkeit und das Wohlbefinden \u00e4lterer Menschen und Menschen mit Demenz und geistiger Behinderung unterst\u00fctzen. F\u00fcr Menschen mit Demenz hat Karde im Rahmen einer Reihe von Innovationsprojekten einen Assistenten f\u00fcr das Lebensmanagement entwickelt, Memas genannt. Memas basieren auf der Arbeit im Mylife-Projekt, das &hellip; <a href=\"https:\/\/guided-project.eu\/de\/norway\/\" class=\"more-link\">Continue reading<span class=\"screen-reader-text\"> &#8220;Norwegen&#8221;<\/span><\/a><\/p>\n","protected":false},"author":2,"featured_media":0,"parent":0,"menu_order":0,"comment_status":"closed","ping_status":"closed","template":"","meta":{"footnotes":""},"class_list":["post-29","page","type-page","status-publish","hentry"],"translation":{"provider":"WPGlobus","version":"3.0.2","language":"de","enabled_languages":["gb","de","no","pl","el"],"languages":{"gb":{"title":true,"content":true,"excerpt":false},"de":{"title":true,"content":true,"excerpt":false},"no":{"title":false,"content":false,"excerpt":false},"pl":{"title":false,"content":false,"excerpt":false},"el":{"title":false,"content":false,"excerpt":false}}},"_links":{"self":[{"href":"https:\/\/guided-project.eu\/de\/wp-json\/wp\/v2\/pages\/29","targetHints":{"allow":["GET"]}}],"collection":[{"href":"https:\/\/guided-project.eu\/de\/wp-json\/wp\/v2\/pages"}],"about":[{"href":"https:\/\/guided-project.eu\/de\/wp-json\/wp\/v2\/types\/page"}],"author":[{"embeddable":true,"href":"https:\/\/guided-project.eu\/de\/wp-json\/wp\/v2\/users\/2"}],"replies":[{"embeddable":true,"href":"https:\/\/guided-project.eu\/de\/wp-json\/wp\/v2\/comments?post=29"}],"version-history":[{"count":0,"href":"https:\/\/guided-project.eu\/de\/wp-json\/wp\/v2\/pages\/29\/revisions"}],"wp:attachment":[{"href":"https:\/\/guided-project.eu\/de\/wp-json\/wp\/v2\/media?parent=29"}],"curies":[{"name":"wp","href":"https:\/\/api.w.org\/{rel}","templated":true}]}}