{"id":33,"date":"2020-02-27T21:02:27","date_gmt":"2020-02-27T20:02:27","guid":{"rendered":"https:\/\/www.guided-project.eu\/?page_id=33"},"modified":"2021-02-04T23:45:46","modified_gmt":"2021-02-04T22:45:46","slug":"poland","status":"publish","type":"page","link":"https:\/\/guided-project.eu\/de\/poland\/","title":{"rendered":"Polen"},"content":{"rendered":"<p><\/p>\r\n<h2>Harpo Sp. z o. o.<\/h2>\r\n<p><\/p>\r\n<p><\/p>\r\n<p>Harpo ist ein polnisches KMU und ein anerkanntes Forschungszentrum f\u00fcr assistive Technologie. Seit 1997 hat Harpo mehr als 20 FuE-Projekte abgeschlossen, die von den polnischen Wissenschafts- und FuE-Agenturen sowie der Europ\u00e4ischen Kommission finanziert wurden. Die meisten dieser Projekte wurden mit neuen Produkten von Harpo abgeschlossen, von denen einige weltweit vertrieben werden. Derzeit ist Harpo f\u00fchrend auf dem Markt f\u00fcr elektronische Ger\u00e4te und Computerausr\u00fcstung f\u00fcr behinderte Menschen in Polen und ein wichtiger Akteur auf den internationalen M\u00e4rkten.<\/p>\r\n<p><\/p>\r\n<p><\/p>\r\n<p>Im Rahmen nationaler und internationaler Forschungsprojekte arbeitet Harpo eng mit Behindertenverb\u00e4nden, Forschungseinrichtungen und Hochschulen zusammen. Dies erm\u00f6glicht die Integration der Verbraucherbed\u00fcrfnisse in der Phase des Entwurfs, der Entwicklung, des Testens und der Markteinf\u00fchrung neuartiger L\u00f6sungen. Die Experten von Harpo f\u00fcr die besonderen Bed\u00fcrfnisse der Benutzer, die Erfahrung mit Benutzertests und Softwareentwicklern haben, verf\u00fcgen \u00fcber umfassende Erfahrung und Kenntnisse in der Programmierung und Anwendung von Windows-, Android- und iOS-Plattformen<\/p>\r\n<p><\/p>\r\n<p><\/p>\r\n<p>Die Schl\u00fcsselrolle von Harpo im GUIDed-Projekt liegt in der N\u00e4he der Hardware- und Plattformentwicklung, des Gesch\u00e4ftsplans und der eingeschr\u00e4nkten Rolle des Endbenutzers.<\/p>\r\n<p><\/p>\r\n<p><\/p>\r\n<p>Weitere Informationen zu Harpo finden Sie unter <a href=\"http:\/\/www.harpo.com.pl\/\" target=\"_blank\" rel=\"noreferrer noopener\" aria-label=\"harpo.com.pl (opens in a new tab)\">harpo.com.pl<\/a>.<\/p>\r\n<p><\/p>\r\n<p><\/p>\r\n<h3>Ansprechpartner<\/h3>\r\n<p><\/p>\r\n<p><\/p>\r\n<p>Name: Dr. Joanna Starosta<br \/>E-mail: jstarosta@harpo.com.pl<br \/>Phone: +48-61 8531425<\/p>\r\n<p><\/p>\r\n<p><\/p>\r\n<p>Name: MSc. Jaros\u0142aw Urba\u0144ski<br \/>E-mail: jurbanski@harpo.com.pl<br \/>Phone: +48-61 8531425<\/p>\r\n<p><\/p>","protected":false},"excerpt":{"rendered":"<p>Harpo Sp. z o. o. Harpo ist ein polnisches KMU und ein anerkanntes Forschungszentrum f\u00fcr assistive Technologie. Seit 1997 hat Harpo mehr als 20 FuE-Projekte abgeschlossen, die von den polnischen Wissenschafts- und FuE-Agenturen sowie der Europ\u00e4ischen Kommission finanziert wurden. Die meisten dieser Projekte wurden mit neuen Produkten von Harpo abgeschlossen, von denen einige weltweit vertrieben &hellip; <a href=\"https:\/\/guided-project.eu\/de\/poland\/\" class=\"more-link\">Continue reading<span class=\"screen-reader-text\"> &#8220;Polen&#8221;<\/span><\/a><\/p>\n","protected":false},"author":2,"featured_media":0,"parent":0,"menu_order":0,"comment_status":"closed","ping_status":"closed","template":"","meta":{"footnotes":""},"class_list":["post-33","page","type-page","status-publish","hentry"],"translation":{"provider":"WPGlobus","version":"3.0.2","language":"de","enabled_languages":["gb","de","no","pl","el"],"languages":{"gb":{"title":true,"content":true,"excerpt":false},"de":{"title":true,"content":true,"excerpt":false},"no":{"title":false,"content":false,"excerpt":false},"pl":{"title":false,"content":false,"excerpt":false},"el":{"title":false,"content":false,"excerpt":false}}},"_links":{"self":[{"href":"https:\/\/guided-project.eu\/de\/wp-json\/wp\/v2\/pages\/33","targetHints":{"allow":["GET"]}}],"collection":[{"href":"https:\/\/guided-project.eu\/de\/wp-json\/wp\/v2\/pages"}],"about":[{"href":"https:\/\/guided-project.eu\/de\/wp-json\/wp\/v2\/types\/page"}],"author":[{"embeddable":true,"href":"https:\/\/guided-project.eu\/de\/wp-json\/wp\/v2\/users\/2"}],"replies":[{"embeddable":true,"href":"https:\/\/guided-project.eu\/de\/wp-json\/wp\/v2\/comments?post=33"}],"version-history":[{"count":0,"href":"https:\/\/guided-project.eu\/de\/wp-json\/wp\/v2\/pages\/33\/revisions"}],"wp:attachment":[{"href":"https:\/\/guided-project.eu\/de\/wp-json\/wp\/v2\/media?parent=33"}],"curies":[{"name":"wp","href":"https:\/\/api.w.org\/{rel}","templated":true}]}}