{"id":55,"date":"2020-02-27T21:37:35","date_gmt":"2020-02-27T20:37:35","guid":{"rendered":"https:\/\/www.guided-project.eu\/?page_id=55"},"modified":"2022-12-28T12:14:43","modified_gmt":"2022-12-28T11:14:43","slug":"service-categories","status":"publish","type":"page","link":"https:\/\/guided-project.eu\/de\/service-categories\/","title":{"rendered":"Servicekategorien"},"content":{"rendered":"<p><\/p>\r\n<p>Das GUIDed-Projekt befasst sich mit der Erstellung von Diensten in verschiedenen Kategorien, die alle darauf abzielen, wichtige Dienste wirklich einfach und intuitiv zu bedienen.<br \/>Die geplanten Leistungen aus den ersten Projektphasen werden nachfolgend beschrieben.<br \/>Die <a href=\"https:\/\/www.guided-project.eu\/hifi-paper-prototypes\/\">HiFi Papier Prototypen von GUIDed<\/a>\u00a0wurden f\u00fcr die Endbenutzerbewertung November 2020 finalisiert.<\/p>\r\n<p><\/p>\r\n<p><\/p>\r\n<p><a href=\"https:\/\/www.guided-project.eu\/wp-content\/uploads\/2020\/07\/smart-social-service.pdf\" target=\"_blank\" rel=\"noreferrer noopener\">Intelligenter Kommunikationsdienst<\/a><br \/>Der soziale Kommunikationsdienst zielt darauf ab, ein Gef\u00fchl der realen physischen Pr\u00e4senz zwischen dem \u00e4lteren Erwachsenen und dem kommunizierenden Familienmitglied, Gesundheitsdienstleister oder Freund zu vermitteln und so soziale Isolation und Einsamkeit zu vermeiden. Mit dem Service k\u00f6nnen \u00e4ltere Erwachsene bei allt\u00e4glichen Aktivit\u00e4ten mit Familie und Freunden in Kontakt bleiben.<\/p>\r\n<p><\/p>\r\n<p><\/p>\r\n<p><a href=\"https:\/\/www.guided-project.eu\/wp-content\/uploads\/2020\/07\/smart-home-service.pdf\" target=\"_blank\" rel=\"noreferrer noopener\">Smart <strong>home service<\/strong><\/a><br \/>Dieser Service soll \u00e4lteren Erwachsenen die Verwaltung der Smart-Home-Technologie erleichtern. Wenn die Kamera eines Smart-Ger\u00e4ts (zum Beispiel) auf ein Licht gerichtet ist, werden die Bedienelemente geladen und der Endbenutzer kann das Licht aus- oder einschalten.<\/p>\r\n<p><\/p>\r\n<p><\/p>\r\n<p><a href=\"https:\/\/www.guided-project.eu\/wp-content\/uploads\/2020\/07\/smart-health-service.pdf\" target=\"_blank\" rel=\"noreferrer noopener\"><strong>Intelligenter Gesundheitsdienst<\/strong><\/a><br \/>Dieser Service zielt darauf ab, eine erweiterte Erfahrung zu bieten, um den \u00e4lteren Erwachsenen zu unterst\u00fctzen und ihn \/ sie bei der Einnahme der Medikamente zum richtigen Zeitpunkt zu unterst\u00fctzen. Es bietet die M\u00f6glichkeit, einfache Informationen \u00fcber die Medikamente abzurufen, die sie einnehmen sollte (was und wann). Dar\u00fcber hinaus erinnert der Dienst den Benutzer daran, wann es Zeit ist, die Medikamente einzunehmen.<\/p>\r\n<p><\/p>\r\n<p><\/p>\r\n<p><a href=\"https:\/\/www.guided-project.eu\/wp-content\/uploads\/2020\/07\/smart-navigation-service.pdf\" target=\"_blank\" rel=\"noreferrer noopener\">Intelligenter Navigationsdienst<\/a><br \/>Dieser Service zielt darauf ab, ein erweitertes Erlebnis zu bieten, indem Wegbeschreibungen auf &#8220;nat\u00fcrlichere&#8221; Weise bereitgestellt werden, die die &#8220;traditionelle&#8221; Wegbeschreibungsansicht von Google Maps erg\u00e4nzen.<\/p>\r\n<p><\/p>\r\n<p><\/p>\r\n<p><a href=\"https:\/\/www.guided-project.eu\/wp-content\/uploads\/2020\/07\/smart-safety-service.pdf\" target=\"_blank\" rel=\"noreferrer noopener\">Intelligentes Sicherheitssystem<\/a><br \/>Dieser Service zielt darauf ab, die Sicherheit durch Konnektivit\u00e4t mit Pflegekr\u00e4ften zu erh\u00f6hen. Der Sicherheitsdienst zeigt den Status der Smart-Home-Sensoren an und benachrichtigt den Endbenutzer und die zugeh\u00f6rigen sekund\u00e4ren Benutzer, wenn beispielsweise Rauch erkannt wird.<\/p>\r\n<p><\/p>\r\n<p><\/p>\r\n<div class=\"wp-block-group\"><div class=\"wp-block-group__inner-container is-layout-flow wp-block-group-is-layout-flow\">\r\n<div class=\"wp-block-group__inner-container\">\u00a0<\/div>\r\n<\/div><\/div>\r\n<p><\/p>","protected":false},"excerpt":{"rendered":"<p>Das GUIDed-Projekt befasst sich mit der Erstellung von Diensten in verschiedenen Kategorien, die alle darauf abzielen, wichtige Dienste wirklich einfach und intuitiv zu bedienen.Die geplanten Leistungen aus den ersten Projektphasen werden nachfolgend beschrieben.Die HiFi Papier Prototypen von GUIDed\u00a0wurden f\u00fcr die Endbenutzerbewertung November 2020 finalisiert. Intelligenter KommunikationsdienstDer soziale Kommunikationsdienst zielt darauf ab, ein Gef\u00fchl der realen &hellip; <a href=\"https:\/\/guided-project.eu\/de\/service-categories\/\" class=\"more-link\">Continue reading<span class=\"screen-reader-text\"> &#8220;Servicekategorien&#8221;<\/span><\/a><\/p>\n","protected":false},"author":2,"featured_media":0,"parent":0,"menu_order":0,"comment_status":"closed","ping_status":"closed","template":"","meta":{"footnotes":""},"class_list":["post-55","page","type-page","status-publish","hentry"],"translation":{"provider":"WPGlobus","version":"3.0.2","language":"de","enabled_languages":["gb","de","no","pl","el"],"languages":{"gb":{"title":true,"content":true,"excerpt":false},"de":{"title":true,"content":true,"excerpt":false},"no":{"title":false,"content":false,"excerpt":false},"pl":{"title":false,"content":false,"excerpt":false},"el":{"title":false,"content":false,"excerpt":false}}},"_links":{"self":[{"href":"https:\/\/guided-project.eu\/de\/wp-json\/wp\/v2\/pages\/55","targetHints":{"allow":["GET"]}}],"collection":[{"href":"https:\/\/guided-project.eu\/de\/wp-json\/wp\/v2\/pages"}],"about":[{"href":"https:\/\/guided-project.eu\/de\/wp-json\/wp\/v2\/types\/page"}],"author":[{"embeddable":true,"href":"https:\/\/guided-project.eu\/de\/wp-json\/wp\/v2\/users\/2"}],"replies":[{"embeddable":true,"href":"https:\/\/guided-project.eu\/de\/wp-json\/wp\/v2\/comments?post=55"}],"version-history":[{"count":0,"href":"https:\/\/guided-project.eu\/de\/wp-json\/wp\/v2\/pages\/55\/revisions"}],"wp:attachment":[{"href":"https:\/\/guided-project.eu\/de\/wp-json\/wp\/v2\/media?parent=55"}],"curies":[{"name":"wp","href":"https:\/\/api.w.org\/{rel}","templated":true}]}}