{"id":57,"date":"2020-02-27T21:38:44","date_gmt":"2020-02-27T20:38:44","guid":{"rendered":"https:\/\/www.guided-project.eu\/?page_id=57"},"modified":"2022-12-28T13:15:31","modified_gmt":"2022-12-28T12:15:31","slug":"figures","status":"publish","type":"page","link":"https:\/\/guided-project.eu\/de\/figures\/","title":{"rendered":"Zahlen"},"content":{"rendered":"<p><\/p>\r\n<p>Die Laufzeit des GUIDed-Projekts betr\u00e4gt 30 Monate ab dem 1. Januar 2020.<\/p>\r\n<p><\/p>\r\n<p><\/p>\r\n<p>Es gibt sieben <a href=\"https:\/\/www.guided-project.eu\/partners\/\">Partner<\/a>\u00a0aus vier europ\u00e4ischen L\u00e4ndern (\u00d6sterreich, Zypern, Norwegen und Polen).<\/p>\r\n<p><\/p>\r\n<p><\/p>\r\n<p>Das Gesamtbudget von GUIDed betr\u00e4gt 1,251,978,25 \u20ac.<br \/>Der \u00f6ffentliche Beitrag (national und EG) betr\u00e4gt 834,847,64 \u20ac.<\/p>\r\n<p><\/p>","protected":false},"excerpt":{"rendered":"<p>Die Laufzeit des GUIDed-Projekts betr\u00e4gt 30 Monate ab dem 1. Januar 2020. Es gibt sieben Partner\u00a0aus vier europ\u00e4ischen L\u00e4ndern (\u00d6sterreich, Zypern, Norwegen und Polen). Das Gesamtbudget von GUIDed betr\u00e4gt 1,251,978,25 \u20ac.Der \u00f6ffentliche Beitrag (national und EG) betr\u00e4gt 834,847,64 \u20ac.<\/p>\n","protected":false},"author":2,"featured_media":0,"parent":0,"menu_order":0,"comment_status":"closed","ping_status":"closed","template":"","meta":{"footnotes":""},"class_list":["post-57","page","type-page","status-publish","hentry"],"translation":{"provider":"WPGlobus","version":"3.0.2","language":"de","enabled_languages":["gb","de","no","pl","el"],"languages":{"gb":{"title":true,"content":true,"excerpt":false},"de":{"title":true,"content":true,"excerpt":false},"no":{"title":false,"content":false,"excerpt":false},"pl":{"title":false,"content":false,"excerpt":false},"el":{"title":false,"content":false,"excerpt":false}}},"_links":{"self":[{"href":"https:\/\/guided-project.eu\/de\/wp-json\/wp\/v2\/pages\/57","targetHints":{"allow":["GET"]}}],"collection":[{"href":"https:\/\/guided-project.eu\/de\/wp-json\/wp\/v2\/pages"}],"about":[{"href":"https:\/\/guided-project.eu\/de\/wp-json\/wp\/v2\/types\/page"}],"author":[{"embeddable":true,"href":"https:\/\/guided-project.eu\/de\/wp-json\/wp\/v2\/users\/2"}],"replies":[{"embeddable":true,"href":"https:\/\/guided-project.eu\/de\/wp-json\/wp\/v2\/comments?post=57"}],"version-history":[{"count":0,"href":"https:\/\/guided-project.eu\/de\/wp-json\/wp\/v2\/pages\/57\/revisions"}],"wp:attachment":[{"href":"https:\/\/guided-project.eu\/de\/wp-json\/wp\/v2\/media?parent=57"}],"curies":[{"name":"wp","href":"https:\/\/api.w.org\/{rel}","templated":true}]}}