{"id":60,"date":"2020-02-27T21:39:48","date_gmt":"2020-02-27T20:39:48","guid":{"rendered":"https:\/\/www.guided-project.eu\/?page_id=60"},"modified":"2022-12-28T13:40:51","modified_gmt":"2022-12-28T12:40:51","slug":"primary-users","status":"publish","type":"page","link":"https:\/\/guided-project.eu\/de\/primary-users\/","title":{"rendered":"Prim\u00e4re Endbenutzer"},"content":{"rendered":"<p><\/p>\r\n<p><strong><em>Prim\u00e4re Endnutzer<\/em><\/strong> sind \u00e4ltere Erwachsene, die unabh\u00e4ngig in ihren eigenen vier W\u00e4nden leben. Ziel des GUIDed-Projekts ist es, ihnen benutzerfreundliche L\u00f6sungen und Dienstleistungen f\u00fcr betreutes Wohnen anzubieten, um ihr Leben zu Hause einfacher und sicherer zu gestalten, ihre soziale Verbundenheit mit Familie und Freunden zu verbessern und ihre Gesundheit durch selbstverwaltete \u00dcberwachung zu verbessern Dienstleistungen oder Dienstleistungen, die von ihren Gesundheits- und Sozialfachleuten angeboten werden.<\/p>\r\n<p><\/p>\r\n<p><\/p>\r\n<p>Andere eng verwandte und nicht weniger wichtige Ziele sind die Verringerung der Technophobie und die Unterst\u00fctzung und Motivation \u00e4lterer Erwachsener bei der Einf\u00fchrung von Produkten f\u00fcr intelligente Gesundheit und betreutes Wohnen. Es wird erwartet, dass das Erreichen dieser Ziele dazu f\u00fchrt, dass \u00e4ltere Erwachsene l\u00e4nger und sicherer unabh\u00e4ngig und mit einer guten Lebensqualit\u00e4t leben.<\/p>\r\n<p><\/p>\r\n<p><\/p>\r\n<figure class=\"wp-block-image size-large is-resized\"><img decoding=\"async\" class=\"wp-image-162\" src=\"https:\/\/www.guided-project.eu\/wp-content\/uploads\/2020\/03\/iStock_000020146469Medium-1024x682.jpg\" alt=\"Senior woman using a tablet application outdoors.\" width=\"500\" srcset=\"https:\/\/guided-project.eu\/wp-content\/uploads\/2020\/03\/iStock_000020146469Medium-1024x682.jpg 1024w, https:\/\/guided-project.eu\/wp-content\/uploads\/2020\/03\/iStock_000020146469Medium-300x200.jpg 300w, https:\/\/guided-project.eu\/wp-content\/uploads\/2020\/03\/iStock_000020146469Medium-768x512.jpg 768w, https:\/\/guided-project.eu\/wp-content\/uploads\/2020\/03\/iStock_000020146469Medium-1536x1023.jpg 1536w, https:\/\/guided-project.eu\/wp-content\/uploads\/2020\/03\/iStock_000020146469Medium-1200x799.jpg 1200w, https:\/\/guided-project.eu\/wp-content\/uploads\/2020\/03\/iStock_000020146469Medium.jpg 1698w\" sizes=\"(max-width: 709px) 85vw, (max-width: 909px) 67vw, (max-width: 1362px) 62vw, 840px\" \/>\r\n<figcaption>Prim\u00e4re Endbenutzer werden vom Beginn des Projekts bis zum Ende in das GUIDed-Projekt einbezogen. Sie werden tief in die Definition der Endbenutzeranforderungen sowie in die Pr\u00fcfung und Bewertung der ausgehenden Dienste einbezogen.<\/figcaption>\r\n<\/figure>\r\n<p><\/p>\r\n<p><\/p>\r\n<p><\/p>","protected":false},"excerpt":{"rendered":"<p>Prim\u00e4re Endnutzer sind \u00e4ltere Erwachsene, die unabh\u00e4ngig in ihren eigenen vier W\u00e4nden leben. Ziel des GUIDed-Projekts ist es, ihnen benutzerfreundliche L\u00f6sungen und Dienstleistungen f\u00fcr betreutes Wohnen anzubieten, um ihr Leben zu Hause einfacher und sicherer zu gestalten, ihre soziale Verbundenheit mit Familie und Freunden zu verbessern und ihre Gesundheit durch selbstverwaltete \u00dcberwachung zu verbessern Dienstleistungen &hellip; <a href=\"https:\/\/guided-project.eu\/de\/primary-users\/\" class=\"more-link\">Continue reading<span class=\"screen-reader-text\"> &#8220;Prim\u00e4re Endbenutzer&#8221;<\/span><\/a><\/p>\n","protected":false},"author":2,"featured_media":0,"parent":0,"menu_order":0,"comment_status":"closed","ping_status":"closed","template":"","meta":{"footnotes":""},"class_list":["post-60","page","type-page","status-publish","hentry"],"translation":{"provider":"WPGlobus","version":"3.0.2","language":"de","enabled_languages":["gb","de","no","pl","el"],"languages":{"gb":{"title":true,"content":true,"excerpt":false},"de":{"title":true,"content":true,"excerpt":false},"no":{"title":false,"content":false,"excerpt":false},"pl":{"title":false,"content":false,"excerpt":false},"el":{"title":false,"content":false,"excerpt":false}}},"_links":{"self":[{"href":"https:\/\/guided-project.eu\/de\/wp-json\/wp\/v2\/pages\/60","targetHints":{"allow":["GET"]}}],"collection":[{"href":"https:\/\/guided-project.eu\/de\/wp-json\/wp\/v2\/pages"}],"about":[{"href":"https:\/\/guided-project.eu\/de\/wp-json\/wp\/v2\/types\/page"}],"author":[{"embeddable":true,"href":"https:\/\/guided-project.eu\/de\/wp-json\/wp\/v2\/users\/2"}],"replies":[{"embeddable":true,"href":"https:\/\/guided-project.eu\/de\/wp-json\/wp\/v2\/comments?post=60"}],"version-history":[{"count":0,"href":"https:\/\/guided-project.eu\/de\/wp-json\/wp\/v2\/pages\/60\/revisions"}],"wp:attachment":[{"href":"https:\/\/guided-project.eu\/de\/wp-json\/wp\/v2\/media?parent=60"}],"curies":[{"name":"wp","href":"https:\/\/api.w.org\/{rel}","templated":true}]}}