{"id":61,"date":"2020-02-27T21:40:03","date_gmt":"2020-02-27T20:40:03","guid":{"rendered":"https:\/\/www.guided-project.eu\/?page_id=61"},"modified":"2022-12-28T13:33:04","modified_gmt":"2022-12-28T12:33:04","slug":"secondary-users","status":"publish","type":"page","link":"https:\/\/guided-project.eu\/de\/secondary-users\/","title":{"rendered":"Sekund\u00e4re und terti\u00e4re Endbenutzer"},"content":{"rendered":"<p><\/p>\r\n<p>Sekund\u00e4re und terti\u00e4re Endbenutzer werden direkt in den Entwurfs-, Entwicklungs- und Feedbackprozess sowie in die Implementierung der personalisierten experimentellen Systeme einbezogen, die den Anforderungen der Endbenutzer entsprechen. Dies beinhaltet die Beurteilung ihrer Zahlungsbereitschaft und der damit verbundenen Bedingungen.<\/p>\r\n<p><\/p>\r\n<p><\/p>\r\n<p>Das Konsortium wird auch eng mit gr\u00f6\u00dferen Pflegeorganisationen (Kindertagesst\u00e4tten, Krankenh\u00e4user, Kliniken, Seniorenheime, Kinderg\u00e4rten) und deren Mitarbeitern (professionellen Endnutzern) zusammenarbeiten, um deren Erwartungen und Bed\u00fcrfnisse zu bewerten.<\/p>\r\n<p><\/p>\r\n<p><\/p>\r\n<p>Die Interessengruppen, die die vorgeschlagene Plattform in Betracht ziehen k\u00f6nnten, sind Gesundheits- und h\u00e4usliche Pflegeorganisationen, die sich mit \u00e4lteren Erwachsenen befassen. Solche Organisationen k\u00f6nnen den Endbenutzern Zugriff auf die Bereitstellung eines Low-Budget-Produkts gew\u00e4hren. Die Einbeziehung von sekund\u00e4ren und terti\u00e4ren Endnutzern in GUIDed ist von gr\u00f6\u00dfter Bedeutung, da deren Feedback in die Entwicklung und Gestaltung des Gesch\u00e4ftsplans einbezogen wird.<\/p>\r\n<p><\/p>\r\n<p><\/p>\r\n<p>20 sekund\u00e4re Endbenutzer (Verwandte und informelle Betreuer) werden von den Benutzerteilnehmern des Projekts und mindestens 5 terti\u00e4ren Endbenutzern in allen Teilnehmerl\u00e4ndern angesprochen.<\/p>\r\n<p><\/p>\r\n<p><\/p>\r\n<figure class=\"wp-block-image size-large is-resized\"><img decoding=\"async\" class=\"wp-image-169\" src=\"https:\/\/www.guided-project.eu\/wp-content\/uploads\/2020\/03\/iStock_000030794654_Full-1024x682.jpg\" alt=\"Senior woman and her caregiver lokk at a tablet PC together\" width=\"600\" srcset=\"https:\/\/guided-project.eu\/wp-content\/uploads\/2020\/03\/iStock_000030794654_Full-1024x682.jpg 1024w, https:\/\/guided-project.eu\/wp-content\/uploads\/2020\/03\/iStock_000030794654_Full-300x200.jpg 300w, https:\/\/guided-project.eu\/wp-content\/uploads\/2020\/03\/iStock_000030794654_Full-768x512.jpg 768w, https:\/\/guided-project.eu\/wp-content\/uploads\/2020\/03\/iStock_000030794654_Full-1536x1023.jpg 1536w, https:\/\/guided-project.eu\/wp-content\/uploads\/2020\/03\/iStock_000030794654_Full-2048x1365.jpg 2048w, https:\/\/guided-project.eu\/wp-content\/uploads\/2020\/03\/iStock_000030794654_Full-1200x800.jpg 1200w\" sizes=\"(max-width: 709px) 85vw, (max-width: 909px) 67vw, (max-width: 1362px) 62vw, 840px\" \/>\r\n<figcaption>Sekund\u00e4re und terti\u00e4re Endbenutzer sind wichtige Mitgestalter der GUIDed-Dienste.<\/figcaption>\r\n<\/figure>\r\n<p><\/p>","protected":false},"excerpt":{"rendered":"<p>Sekund\u00e4re und terti\u00e4re Endbenutzer werden direkt in den Entwurfs-, Entwicklungs- und Feedbackprozess sowie in die Implementierung der personalisierten experimentellen Systeme einbezogen, die den Anforderungen der Endbenutzer entsprechen. Dies beinhaltet die Beurteilung ihrer Zahlungsbereitschaft und der damit verbundenen Bedingungen. Das Konsortium wird auch eng mit gr\u00f6\u00dferen Pflegeorganisationen (Kindertagesst\u00e4tten, Krankenh\u00e4user, Kliniken, Seniorenheime, Kinderg\u00e4rten) und deren Mitarbeitern (professionellen &hellip; <a href=\"https:\/\/guided-project.eu\/de\/secondary-users\/\" class=\"more-link\">Continue reading<span class=\"screen-reader-text\"> &#8220;Sekund\u00e4re und terti\u00e4re Endbenutzer&#8221;<\/span><\/a><\/p>\n","protected":false},"author":2,"featured_media":0,"parent":0,"menu_order":0,"comment_status":"closed","ping_status":"closed","template":"","meta":{"footnotes":""},"class_list":["post-61","page","type-page","status-publish","hentry"],"translation":{"provider":"WPGlobus","version":"3.0.2","language":"de","enabled_languages":["gb","de","no","pl","el"],"languages":{"gb":{"title":true,"content":true,"excerpt":false},"de":{"title":true,"content":true,"excerpt":false},"no":{"title":false,"content":false,"excerpt":false},"pl":{"title":false,"content":false,"excerpt":false},"el":{"title":false,"content":false,"excerpt":false}}},"_links":{"self":[{"href":"https:\/\/guided-project.eu\/de\/wp-json\/wp\/v2\/pages\/61","targetHints":{"allow":["GET"]}}],"collection":[{"href":"https:\/\/guided-project.eu\/de\/wp-json\/wp\/v2\/pages"}],"about":[{"href":"https:\/\/guided-project.eu\/de\/wp-json\/wp\/v2\/types\/page"}],"author":[{"embeddable":true,"href":"https:\/\/guided-project.eu\/de\/wp-json\/wp\/v2\/users\/2"}],"replies":[{"embeddable":true,"href":"https:\/\/guided-project.eu\/de\/wp-json\/wp\/v2\/comments?post=61"}],"version-history":[{"count":0,"href":"https:\/\/guided-project.eu\/de\/wp-json\/wp\/v2\/pages\/61\/revisions"}],"wp:attachment":[{"href":"https:\/\/guided-project.eu\/de\/wp-json\/wp\/v2\/media?parent=61"}],"curies":[{"name":"wp","href":"https:\/\/api.w.org\/{rel}","templated":true}]}}