{"id":86,"date":"2020-03-04T08:44:17","date_gmt":"2020-03-04T07:44:17","guid":{"rendered":"https:\/\/www.guided-project.eu\/?page_id=86"},"modified":"2021-04-21T09:09:12","modified_gmt":"2021-04-21T08:09:12","slug":"impact","status":"publish","type":"page","link":"https:\/\/guided-project.eu\/de\/impact\/","title":{"rendered":"Auswirkung"},"content":{"rendered":"<p><\/p>\r\n<p>Das GUIDed-System wird unter Ber\u00fccksichtigung der besonderen Bed\u00fcrfnisse und Einschr\u00e4nkungen \u00e4lterer Erwachsener entworfen und implementiert, um einen Technologieabbruch zu vermeiden, Technophobie zu bek\u00e4mpfen, die Nutzung der Dienste zu vereinfachen und ein aktives und unabh\u00e4ngiges Leben zu f\u00f6rdern. Das GUIDed-Projekt wird mehrere Dienste entwickeln und integrieren. Die endg\u00fcltige Liste wird basierend auf einem Co-Design- und Co-Creation-Ansatz mit den Endbenutzern definiert.<\/p>\r\n<p><\/p>\r\n<p><\/p>\r\n<p>Dar\u00fcber hinaus zielt das Projekt darauf ab, den aktuellen IKT-Markt mit einer benutzerfreundlichen L\u00f6sung zu bereichern, die einen Augmented Reality Training Experten enth\u00e4lt, der die Endbenutzer unterst\u00fctzt.<\/p>\r\n<p><\/p>","protected":false},"excerpt":{"rendered":"<p>Das GUIDed-System wird unter Ber\u00fccksichtigung der besonderen Bed\u00fcrfnisse und Einschr\u00e4nkungen \u00e4lterer Erwachsener entworfen und implementiert, um einen Technologieabbruch zu vermeiden, Technophobie zu bek\u00e4mpfen, die Nutzung der Dienste zu vereinfachen und ein aktives und unabh\u00e4ngiges Leben zu f\u00f6rdern. Das GUIDed-Projekt wird mehrere Dienste entwickeln und integrieren. Die endg\u00fcltige Liste wird basierend auf einem Co-Design- und Co-Creation-Ansatz &hellip; <a href=\"https:\/\/guided-project.eu\/de\/impact\/\" class=\"more-link\">Continue reading<span class=\"screen-reader-text\"> &#8220;Auswirkung&#8221;<\/span><\/a><\/p>\n","protected":false},"author":2,"featured_media":0,"parent":0,"menu_order":0,"comment_status":"closed","ping_status":"closed","template":"","meta":{"footnotes":""},"class_list":["post-86","page","type-page","status-publish","hentry"],"translation":{"provider":"WPGlobus","version":"3.0.2","language":"de","enabled_languages":["gb","de","no","pl","el"],"languages":{"gb":{"title":true,"content":true,"excerpt":false},"de":{"title":true,"content":true,"excerpt":false},"no":{"title":false,"content":false,"excerpt":false},"pl":{"title":false,"content":false,"excerpt":false},"el":{"title":false,"content":false,"excerpt":false}}},"_links":{"self":[{"href":"https:\/\/guided-project.eu\/de\/wp-json\/wp\/v2\/pages\/86","targetHints":{"allow":["GET"]}}],"collection":[{"href":"https:\/\/guided-project.eu\/de\/wp-json\/wp\/v2\/pages"}],"about":[{"href":"https:\/\/guided-project.eu\/de\/wp-json\/wp\/v2\/types\/page"}],"author":[{"embeddable":true,"href":"https:\/\/guided-project.eu\/de\/wp-json\/wp\/v2\/users\/2"}],"replies":[{"embeddable":true,"href":"https:\/\/guided-project.eu\/de\/wp-json\/wp\/v2\/comments?post=86"}],"version-history":[{"count":0,"href":"https:\/\/guided-project.eu\/de\/wp-json\/wp\/v2\/pages\/86\/revisions"}],"wp:attachment":[{"href":"https:\/\/guided-project.eu\/de\/wp-json\/wp\/v2\/media?parent=86"}],"curies":[{"name":"wp","href":"https:\/\/api.w.org\/{rel}","templated":true}]}}