{"id":96,"date":"2020-03-04T09:45:08","date_gmt":"2020-03-04T08:45:08","guid":{"rendered":"https:\/\/www.guided-project.eu\/?page_id=96"},"modified":"2022-12-28T12:53:48","modified_gmt":"2022-12-28T11:53:48","slug":"overview","status":"publish","type":"page","link":"https:\/\/guided-project.eu\/de\/overview\/","title":{"rendered":"\u00dcberblick"},"content":{"rendered":"<p><\/p>\r\n<p>Das Projekt soll \u00e4lteren Erwachsenen helfen, unabh\u00e4ngig zu leben, aktiv zu sein und sich l\u00e4nger sicher zu f\u00fchlen. GUIDed bietet ein benutzerfreundliches, multimodulares System, das \u00e4ltere Erwachsene in ihrem Alltag unterst\u00fctzen soll.<\/p>\r\n<p><\/p>\r\n<p><\/p>\r\n<p>GUIDed bietet den Endbenutzern die M\u00f6glichkeit zur intelligenten Steuerung verschiedener Ger\u00e4te, zur \u00dcberwachung und automatischen Anpassung der h\u00e4uslichen Bedingungen sowie zum Notfallkontakt mit ihren Familienmitgliedern. \u00c4ltere Benutzer werden von einem AR-Trainingsexperten (Augmented Reality) angeleitet, der sie bei der Verwendung der Technologie und der Navigation durch die Systemplattform coacht und unterst\u00fctzt.<\/p>\r\n<p><\/p>\r\n<p><\/p>\r\n<p>Das Projekt wird vorhandene Open-Source-Technologien, -Plattformen und -Tools integrieren sowie eine intelligente AR-f\u00e4hige Plattform zusammenstellen, um eine Reihe einfacher Plug-and-Play-basierter Dienste f\u00fcr betreutes Wohnen anzubieten.<\/p>\r\n<p><\/p>\r\n<p><\/p>\r\n<p>Echte Endbenutzer, einschlie\u00dflich prim\u00e4rer (\u00e4ltere Erwachsene), sekund\u00e4rer (Familienmitglieder, Angeh\u00f6rige von Gesundheitsberufen und Netzwerk) und terti\u00e4rer (d. H. Pflegeorganisationen) Benutzer, werden w\u00e4hrend des gesamten Projekts einbezogen und beim Entwurf, der Integration, dem Testen und der Bewertung des Systems unterst\u00fctzt.<\/p>\r\n<p><\/p>\r\n<p><\/p>\r\n<p>Der Augmented Reality Training Expert wird so konzipiert, dass er intuitiv zu bedienen ist und gleichzeitig den kognitiven Verfall und die Vergesslichkeit bek\u00e4mpft. Vor der Verwendung des Augmented Reality Training Expert haben \u00e4ltere Erwachsene eine Einzelschulung mit der jeweiligen Endbenutzerorganisation und werden anschlie\u00dfend bei Bedarf durch regelm\u00e4\u00dfige \u00dcberpr\u00fcfungen unterst\u00fctzt.<\/p>\r\n<p><\/p>","protected":false},"excerpt":{"rendered":"<p>Das Projekt soll \u00e4lteren Erwachsenen helfen, unabh\u00e4ngig zu leben, aktiv zu sein und sich l\u00e4nger sicher zu f\u00fchlen. GUIDed bietet ein benutzerfreundliches, multimodulares System, das \u00e4ltere Erwachsene in ihrem Alltag unterst\u00fctzen soll. GUIDed bietet den Endbenutzern die M\u00f6glichkeit zur intelligenten Steuerung verschiedener Ger\u00e4te, zur \u00dcberwachung und automatischen Anpassung der h\u00e4uslichen Bedingungen sowie zum Notfallkontakt mit &hellip; <a href=\"https:\/\/guided-project.eu\/de\/overview\/\" class=\"more-link\">Continue reading<span class=\"screen-reader-text\"> &#8220;\u00dcberblick&#8221;<\/span><\/a><\/p>\n","protected":false},"author":2,"featured_media":0,"parent":0,"menu_order":0,"comment_status":"closed","ping_status":"closed","template":"","meta":{"footnotes":""},"class_list":["post-96","page","type-page","status-publish","hentry"],"translation":{"provider":"WPGlobus","version":"3.0.2","language":"de","enabled_languages":["gb","de","no","pl","el"],"languages":{"gb":{"title":true,"content":true,"excerpt":false},"de":{"title":true,"content":true,"excerpt":false},"no":{"title":false,"content":false,"excerpt":false},"pl":{"title":false,"content":false,"excerpt":false},"el":{"title":false,"content":false,"excerpt":false}}},"_links":{"self":[{"href":"https:\/\/guided-project.eu\/de\/wp-json\/wp\/v2\/pages\/96","targetHints":{"allow":["GET"]}}],"collection":[{"href":"https:\/\/guided-project.eu\/de\/wp-json\/wp\/v2\/pages"}],"about":[{"href":"https:\/\/guided-project.eu\/de\/wp-json\/wp\/v2\/types\/page"}],"author":[{"embeddable":true,"href":"https:\/\/guided-project.eu\/de\/wp-json\/wp\/v2\/users\/2"}],"replies":[{"embeddable":true,"href":"https:\/\/guided-project.eu\/de\/wp-json\/wp\/v2\/comments?post=96"}],"version-history":[{"count":0,"href":"https:\/\/guided-project.eu\/de\/wp-json\/wp\/v2\/pages\/96\/revisions"}],"wp:attachment":[{"href":"https:\/\/guided-project.eu\/de\/wp-json\/wp\/v2\/media?parent=96"}],"curies":[{"name":"wp","href":"https:\/\/api.w.org\/{rel}","templated":true}]}}